{"id":756,"date":"2015-04-05T19:13:56","date_gmt":"2015-04-05T19:13:56","guid":{"rendered":"http:\/\/habitat.servus.at\/?page_id=756"},"modified":"2024-06-18T10:05:49","modified_gmt":"2024-06-18T10:05:49","slug":"willy-fred-hausprojekt","status":"publish","type":"page","link":"https:\/\/habitat.servus.at\/?page_id=756","title":{"rendered":"Willy*Fred Hausprojekt"},"content":{"rendered":"<h1><a href=\"http:\/\/habitat.servus.at\/willy-fred\/\" target=\"_blank\" rel=\"noopener\"><img loading=\"lazy\" decoding=\"async\" class=\"aligncenter wp-image-1014\" src=\"http:\/\/habitat.servus.at\/wp-content\/uploads\/willy-fred_haus_sw_inkl.IGELrot-300x201.jpg\" alt=\"willy-fred_haus_sw_inkl.IGELrot\" width=\"400\" height=\"268\" srcset=\"https:\/\/habitat.servus.at\/wp-content\/uploads\/willy-fred_haus_sw_inkl.IGELrot-300x201.jpg 300w, https:\/\/habitat.servus.at\/wp-content\/uploads\/willy-fred_haus_sw_inkl.IGELrot-150x100.jpg 150w, https:\/\/habitat.servus.at\/wp-content\/uploads\/willy-fred_haus_sw_inkl.IGELrot-1000x669.jpg 1000w, https:\/\/habitat.servus.at\/wp-content\/uploads\/willy-fred_haus_sw_inkl.IGELrot.jpg 1101w\" sizes=\"(max-width: 400px) 100vw, 400px\" \/><\/a><\/h1>\n<h2>Kontakt<\/h2>\n<p>Adresse: Graben 3, 4020 Linz<\/p>\n<p>Website: <a href=\"https:\/\/www.willy-fred.org\/\" target=\"_blank\" rel=\"noopener\">www.willy-fred.org<\/a><\/p>\n<p>Email: <a href=\"mailto:kontakt@willy-fred.org\">kontakt@willy-fred.org<\/a><\/p>\n<h2>Hintergrund<\/h2>\n<p>Das Hausprojekt &#8220;Willy*Fred&#8221; &#8211; welches im Gedenken an eine <a href=\"http:\/\/www.politische-landschaft.at\/workshop\/igel-und-widerstand\/\" target=\"_blank\" rel=\"noopener\">Widerstandsgruppe aus dem Salzkammergut<\/a> zur Zeit des Nationalsozialismus benannt ist &#8211; ist das Pionierprojekt des habiTAT und wurde am 21.12.2015 um rund \u20ac 3Mio freigekauft! Mit 1.600m2 Wohn- und Arbeitsfl\u00e4chen, wurde somit in der linzer Innenstadt das erste selbstverwaltete Hausprojekt in \u00d6sterreich realisiert, welches auf den S\u00e4ulen des Syndikatsmodells aufgebaut ist. Das Haus bietet Platz f\u00fcr etwa 30 Bewohner*innen und mehrere Vereine. Alle Infos und Updates zum Hausprojekt Willy*Fred werden laufend auf der <a href=\"https:\/\/habitat.servus.at\/willy-fred\/\" target=\"_blank\" rel=\"noopener\">hauseigenen Hompage aktualisiert.<\/a><\/p>\n<p align=\"justify\"><span style=\"font-family: Arial,serif;\"><span style=\"font-size: medium;\">&nbsp;<\/span><\/span><\/p>\n","protected":false},"excerpt":{"rendered":"<p>Kontakt Adresse: Graben 3, 4020 Linz Website: www.willy-fred.org Email: kontakt@willy-fred.org Hintergrund Das Hausprojekt &#8220;Willy*Fred&#8221; &#8211; welches im Gedenken an eine Widerstandsgruppe aus dem Salzkammergut zur Zeit des Nationalsozialismus benannt ist &#8211; ist das Pionierprojekt des habiTAT und wurde am 21.12.2015 um rund \u20ac 3Mio freigekauft! Mit 1.600m2 Wohn- und Arbeitsfl\u00e4chen, wurde somit in der linzer [&hellip;]<\/p>\n","protected":false},"author":1,"featured_media":0,"parent":0,"menu_order":0,"comment_status":"closed","ping_status":"closed","template":"","meta":{"ngg_post_thumbnail":0,"footnotes":""},"_links":{"self":[{"href":"https:\/\/habitat.servus.at\/index.php?rest_route=\/wp\/v2\/pages\/756"}],"collection":[{"href":"https:\/\/habitat.servus.at\/index.php?rest_route=\/wp\/v2\/pages"}],"about":[{"href":"https:\/\/habitat.servus.at\/index.php?rest_route=\/wp\/v2\/types\/page"}],"author":[{"embeddable":true,"href":"https:\/\/habitat.servus.at\/index.php?rest_route=\/wp\/v2\/users\/1"}],"replies":[{"embeddable":true,"href":"https:\/\/habitat.servus.at\/index.php?rest_route=%2Fwp%2Fv2%2Fcomments&post=756"}],"version-history":[{"count":16,"href":"https:\/\/habitat.servus.at\/index.php?rest_route=\/wp\/v2\/pages\/756\/revisions"}],"predecessor-version":[{"id":1948,"href":"https:\/\/habitat.servus.at\/index.php?rest_route=\/wp\/v2\/pages\/756\/revisions\/1948"}],"wp:attachment":[{"href":"https:\/\/habitat.servus.at\/index.php?rest_route=%2Fwp%2Fv2%2Fmedia&parent=756"}],"curies":[{"name":"wp","href":"https:\/\/api.w.org\/{rel}","templated":true}]}}