{"id":68,"date":"2014-03-27T20:02:41","date_gmt":"2014-03-27T20:02:41","guid":{"rendered":"http:\/\/habitat.servus.at\/?page_id=68"},"modified":"2022-07-04T15:55:37","modified_gmt":"2022-07-04T15:55:37","slug":"termine","status":"publish","type":"page","link":"https:\/\/habitat.servus.at\/?page_id=68","title":{"rendered":"Beratung"},"content":{"rendered":"<div class=\"text_exposed_show\">\n<h1>28.4., 19h: habiTAT Beratung und Stammtisch<\/h1>\n<\/div>\n<p><a href=\"http:\/\/habitat.servus.at\/wp-content\/uploads\/habiTAT-Stammtisch-April-2022.png\"><img loading=\"lazy\" decoding=\"async\" class=\"aligncenter size-full wp-image-1731\" src=\"http:\/\/habitat.servus.at\/wp-content\/uploads\/habiTAT-Stammtisch-April-2022.png\" alt=\"\" width=\"1920\" height=\"1080\" srcset=\"https:\/\/habitat.servus.at\/wp-content\/uploads\/habiTAT-Stammtisch-April-2022.png 1920w, https:\/\/habitat.servus.at\/wp-content\/uploads\/habiTAT-Stammtisch-April-2022-150x84.png 150w, https:\/\/habitat.servus.at\/wp-content\/uploads\/habiTAT-Stammtisch-April-2022-300x168.png 300w, https:\/\/habitat.servus.at\/wp-content\/uploads\/habiTAT-Stammtisch-April-2022-768x432.png 768w, https:\/\/habitat.servus.at\/wp-content\/uploads\/habiTAT-Stammtisch-April-2022-1000x563.png 1000w\" sizes=\"(max-width: 1920px) 100vw, 1920px\" \/><\/a><\/p>\n<div class=\"text_exposed_show\">\n<div class=\"kvgmc6g5 cxmmr5t8 oygrvhab hcukyx3x c1et5uql\">Was und wer steckt hinter dem habiTAT? Wie kann ich Immobilen-Spekulation nach dem habiTAT-Modell ein Schnippchen schlagen? Wie gr\u00fcnde ich selbst ein habiTAT-Mietsh\u00e4userSyndikat Projekt?<\/div>\n<div>&nbsp;<\/div>\n<div class=\"o9v6fnle cxmmr5t8 oygrvhab hcukyx3x c1et5uql\">Einmal im Monat stehen wir f\u00fcr eure Fragen zur Verf\u00fcgung. Oder einfach nur f\u00fcr ein erstes Kennenlernen!<\/div>\n<div>&nbsp;<\/div>\n<div class=\"o9v6fnle cxmmr5t8 oygrvhab hcukyx3x c1et5uql\">Wann? 28.4., 19h<br \/>\nWas? habiTAT Beratung &amp; Stammtisch<br \/>\nWo? Online<\/div>\n<div>&nbsp;<\/div>\n<div class=\"o9v6fnle cxmmr5t8 oygrvhab hcukyx3x c1et5uql\">Der Stammtisch wird von den habiTAT-Projekten <a href=\"https:\/\/livingforfuture.org\/\" target=\"_blank\" rel=\"noopener\">Living For Future<\/a> (Wien-Penzing) und <a href=\"https:\/\/autonome-wohnfabrik.at\/\" target=\"_blank\" rel=\"noopener\">Autonome Wohnfabrik<\/a> (Salzburg) begleitet.<\/div>\n<div>&nbsp;<\/div>\n<div class=\"o9v6fnle cxmmr5t8 oygrvhab hcukyx3x c1et5uql\">ANMELDUNGEN via habitat@servus.at mit dem Betreff \u201ehabiTAT-Stammtisch\u201c<\/div>\n<div class=\"text_exposed_show\">\n<hr>\n<div class=\"text_exposed_show\">\n<h1>26.5., 19h: habiTAT Beratung und Stammtisch<\/h1>\n<\/div>\n<p><a href=\"http:\/\/habitat.servus.at\/wp-content\/uploads\/habiTAT-Stammtisch-Mai-2022.png\"><img loading=\"lazy\" decoding=\"async\" class=\"aligncenter size-full wp-image-1730\" src=\"http:\/\/habitat.servus.at\/wp-content\/uploads\/habiTAT-Stammtisch-Mai-2022.png\" alt=\"\" width=\"1920\" height=\"1080\" srcset=\"https:\/\/habitat.servus.at\/wp-content\/uploads\/habiTAT-Stammtisch-Mai-2022.png 1920w, https:\/\/habitat.servus.at\/wp-content\/uploads\/habiTAT-Stammtisch-Mai-2022-150x84.png 150w, https:\/\/habitat.servus.at\/wp-content\/uploads\/habiTAT-Stammtisch-Mai-2022-300x168.png 300w, https:\/\/habitat.servus.at\/wp-content\/uploads\/habiTAT-Stammtisch-Mai-2022-768x432.png 768w, https:\/\/habitat.servus.at\/wp-content\/uploads\/habiTAT-Stammtisch-Mai-2022-1000x563.png 1000w\" sizes=\"(max-width: 1920px) 100vw, 1920px\" \/><\/a><\/p>\n<div class=\"text_exposed_show\">\n<div class=\"kvgmc6g5 cxmmr5t8 oygrvhab hcukyx3x c1et5uql\">Was und wer steckt hinter dem habiTAT? Wie kann ich Immobilen-Spekulation nach dem habiTAT-Modell ein Schnippchen schlagen? Wie gr\u00fcnde ich selbst ein habiTAT-Mietsh\u00e4userSyndikat Projekt?<\/div>\n<div>&nbsp;<\/div>\n<div class=\"o9v6fnle cxmmr5t8 oygrvhab hcukyx3x c1et5uql\">Einmal im Monat stehen wir f\u00fcr eure Fragen zur Verf\u00fcgung. Oder einfach nur f\u00fcr ein erstes Kennenlernen!<\/div>\n<div>&nbsp;<\/div>\n<div class=\"o9v6fnle cxmmr5t8 oygrvhab hcukyx3x c1et5uql\">Wann? 26.5., 19h<br \/>\nWas? habiTAT Beratung &amp; Stammtisch<br \/>\nWo? Online<\/div>\n<div>&nbsp;<\/div>\n<div class=\"o9v6fnle cxmmr5t8 oygrvhab hcukyx3x c1et5uql\">Der Stammtisch wird von den habiTAT-Projekten <a href=\"https:\/\/schlor.org\/\" target=\"_blank\" rel=\"noopener\">SchloR &#8211; Sch\u00f6ner Leben<\/a> (Wien-Simmering) und <a href=\"https:\/\/www.bikesandrails.org\/wp\/\" target=\"_blank\" rel=\"noopener\">Bikes and Rails<\/a> (Wien-Favoriten) begleitet.<\/div>\n<div>&nbsp;<\/div>\n<div class=\"o9v6fnle cxmmr5t8 oygrvhab hcukyx3x c1et5uql\">ANMELDUNGEN via habitat@servus.at mit dem Betreff \u201ehabiTAT-Stammtisch\u201c<\/div>\n<div class=\"text_exposed_show\">\n<hr>\n<div class=\"text_exposed_show\">\n<h1>6.7., 19h: habiTAT Beratung und Stammtisch<\/h1>\n<\/div>\n<p><a href=\"http:\/\/habitat.servus.at\/wp-content\/uploads\/habiTAT-Stammtisch-Juli-2022.jpg\"><img loading=\"lazy\" decoding=\"async\" class=\"aligncenter size-full wp-image-1748\" src=\"http:\/\/habitat.servus.at\/wp-content\/uploads\/habiTAT-Stammtisch-Juli-2022.jpg\" alt=\"\" width=\"1920\" height=\"1080\" srcset=\"https:\/\/habitat.servus.at\/wp-content\/uploads\/habiTAT-Stammtisch-Juli-2022.jpg 1920w, https:\/\/habitat.servus.at\/wp-content\/uploads\/habiTAT-Stammtisch-Juli-2022-300x168.jpg 300w, https:\/\/habitat.servus.at\/wp-content\/uploads\/habiTAT-Stammtisch-Juli-2022-150x84.jpg 150w, https:\/\/habitat.servus.at\/wp-content\/uploads\/habiTAT-Stammtisch-Juli-2022-768x432.jpg 768w, https:\/\/habitat.servus.at\/wp-content\/uploads\/habiTAT-Stammtisch-Juli-2022-1536x864.jpg 1536w, https:\/\/habitat.servus.at\/wp-content\/uploads\/habiTAT-Stammtisch-Juli-2022-1000x563.jpg 1000w\" sizes=\"(max-width: 1920px) 100vw, 1920px\" \/><\/a><\/p>\n<p>Was und wer steckt hinter dem habiTAT? Wie kann ich Immobilen-Spekulation nach dem habiTAT-Modell ein Schnippchen schlagen? Wie gr\u00fcnde ich selbst ein habiTAT-Mietsh\u00e4userSyndikat Projekt?<\/p>\n<div class=\"text_exposed_show\">\n<div class=\"o9v6fnle cxmmr5t8 oygrvhab hcukyx3x c1et5uql\">Einmal im Monat stehen wir f\u00fcr eure Fragen zur Verf\u00fcgung. Oder einfach nur f\u00fcr ein erstes Kennenlernen!<\/div>\n<div>&nbsp;<\/div>\n<div class=\"o9v6fnle cxmmr5t8 oygrvhab hcukyx3x c1et5uql\">Wann? 6.7., 19h<br \/>\nWas? habiTAT Beratung &amp; Stammtisch<br \/>\nWo? <a href=\"https:\/\/schlor.org\/\" target=\"_blank\" rel=\"noopener\">SchloR &#8211; Sch\u00f6ner Leben<\/a> (Rappachgasse 26, 1110 Wien)<\/div>\n<div>&nbsp;<\/div>\n<div class=\"o9v6fnle cxmmr5t8 oygrvhab hcukyx3x c1et5uql\">Der Stammtisch wird von den habiTAT-Projekten <a href=\"https:\/\/schlor.org\/\" target=\"_blank\" rel=\"noopener\">SchloR \u2013 Sch\u00f6ner Leben<\/a> (Wien-Simmering) und <a href=\"https:\/\/autonome-wohnfabrik.at\/\" target=\"_blank\" rel=\"noopener\">Autonome Wohnfabrik<\/a> (Salzburg) begleitet.<\/div>\n<div>\n<hr>\n<\/div>\n<\/div>\n<p>Weiter zum <a href=\"http:\/\/habitat.servus.at\/?page_id=1716\">Termin-Archiv<\/a><\/p>\n<\/div>\n<\/div>\n<\/div>\n<\/div>\n","protected":false},"excerpt":{"rendered":"<p>28.4., 19h: habiTAT Beratung und Stammtisch Was und wer steckt hinter dem habiTAT? Wie kann ich Immobilen-Spekulation nach dem habiTAT-Modell ein Schnippchen schlagen? Wie gr\u00fcnde ich selbst ein habiTAT-Mietsh\u00e4userSyndikat Projekt? &nbsp; Einmal im Monat stehen wir f\u00fcr eure Fragen zur Verf\u00fcgung. Oder einfach nur f\u00fcr ein erstes Kennenlernen! &nbsp; Wann? 28.4., 19h Was? habiTAT Beratung [&hellip;]<\/p>\n","protected":false},"author":1,"featured_media":381,"parent":0,"menu_order":0,"comment_status":"closed","ping_status":"closed","template":"","meta":{"ngg_post_thumbnail":0,"footnotes":""},"_links":{"self":[{"href":"https:\/\/habitat.servus.at\/index.php?rest_route=\/wp\/v2\/pages\/68"}],"collection":[{"href":"https:\/\/habitat.servus.at\/index.php?rest_route=\/wp\/v2\/pages"}],"about":[{"href":"https:\/\/habitat.servus.at\/index.php?rest_route=\/wp\/v2\/types\/page"}],"author":[{"embeddable":true,"href":"https:\/\/habitat.servus.at\/index.php?rest_route=\/wp\/v2\/users\/1"}],"replies":[{"embeddable":true,"href":"https:\/\/habitat.servus.at\/index.php?rest_route=%2Fwp%2Fv2%2Fcomments&post=68"}],"version-history":[{"count":224,"href":"https:\/\/habitat.servus.at\/index.php?rest_route=\/wp\/v2\/pages\/68\/revisions"}],"predecessor-version":[{"id":1760,"href":"https:\/\/habitat.servus.at\/index.php?rest_route=\/wp\/v2\/pages\/68\/revisions\/1760"}],"wp:featuredmedia":[{"embeddable":true,"href":"https:\/\/habitat.servus.at\/index.php?rest_route=\/wp\/v2\/media\/381"}],"wp:attachment":[{"href":"https:\/\/habitat.servus.at\/index.php?rest_route=%2Fwp%2Fv2%2Fmedia&parent=68"}],"curies":[{"name":"wp","href":"https:\/\/api.w.org\/{rel}","templated":true}]}}