{"id":268,"date":"2014-06-06T19:58:39","date_gmt":"2014-06-06T19:58:39","guid":{"rendered":"http:\/\/habitat.servus.at\/?page_id=268"},"modified":"2018-03-09T08:35:13","modified_gmt":"2018-03-09T08:35:13","slug":"audio","status":"publish","type":"page","link":"https:\/\/habitat.servus.at\/?page_id=268","title":{"rendered":"Audio"},"content":{"rendered":"<h1>&#8220;Die Brennesseln aus Insbruck im H\u00f6rlabor Reloaded&#8221;<\/h1>\n<p>Zu Gast im H\u00f6rlabor Reloaded sind Jil und Maria von den Brennesseln. Sie setzen sich mit in dem Gespr\u00e4ch mit Themen wie Leerstand, AirBnB und Mikrowohnungen auseinander und erz\u00e4hlen warum sie in Innsbruck das erste habiTAT-Wohnprojekt auf die Beine stellen wollen &#8211; in Anbetracht der Immobilienpreise in Innsbruck eine enorme Herausforderung. H\u00f6rt selbst:<\/p>\n<p><iframe loading=\"lazy\" style=\"border: none; width: 100%; height: 220px;\" src=\"https:\/\/cba.fro.at\/369884\/embed?\" width=\"100%\" height=\"220\"><\/iframe><\/p>\n<p>&nbsp;<\/p>\n<h1>Radio-Stimme auf Orange 94.0 \/\/ 04.02.2018 &#8211; &#8220;aus gutem Hause&#8221;<\/h1>\n<p>In drei Beitr\u00e4gen bringt Radio Orange einen Streifzug durch alternative Wohnformen, dh. \u00fcber die Geschichte der Besetzungen in Wien, au\u00dferdem warum das integrative Wohnprojekt HAWI f\u00fcr Menschen mit und ohne Fluchterfahrung schlie\u00dfen muss und wie das Hausprojekt SchloR funktioniert..<\/p>\n<p>live im Studiointerview sind drei Mitglieder von den SchloRs und erz\u00e4hlen erst \u00fcbers habiTAT und anschlie\u00dfend, was es bei SchloR und den anderen Hausprojektinitiativen Neues gibt.<\/p>\n<p>Hier findet Ihr den Link zum ganzen Radiobeitrag:<\/p>\n<blockquote class=\"wp-embedded-content\" data-secret=\"2IpyAtoNHb\"><p><a href=\"https:\/\/www.radiostimme.at\/aus-gutem-hause\/\">Aus gutem Hause?<\/a><\/p><\/blockquote>\n<p><iframe class=\"wp-embedded-content\" sandbox=\"allow-scripts\" security=\"restricted\" style=\"position: absolute; clip: rect(1px, 1px, 1px, 1px);\" src=\"https:\/\/www.radiostimme.at\/aus-gutem-hause\/embed\/#?secret=2IpyAtoNHb\" data-secret=\"2IpyAtoNHb\" width=\"600\" height=\"338\" title=\"&#8222;Aus gutem Hause?&#8220; &#8212; Radio Stimme\" frameborder=\"0\" marginwidth=\"0\" marginheight=\"0\" scrolling=\"no\"><\/iframe><\/p>\n<h1>&#8220;Also kauften wir das Haus&#8221; -\u00d61 Moment auf Radio \u00d61 \/\/ 20.12.2017<\/h1>\n<p>Zum Anlass des zweij\u00e4hrigen Geburtstags des kleinen Willy Freds wurden f\u00fcnf Bewohner*innen beim gemeinsamen Fr\u00fchst\u00fcck daheim interviewt und einer erkl\u00e4rt danach, was das Tolle am habiTAT \u2013 Modell ist. Anschlie\u00dfend d\u00fcrfen auch die zwei anderen habiT\u00e4ter*innen von den SchloRz noch ein bi\u00dfchen was dar\u00fcber erz\u00e4hlen was demn\u00e4xt in Wien-Simmering passieren wird und warum. H\u00f6rt Euch den Beitrag an unter folgendem Link:<\/p>\n<blockquote class=\"wp-embedded-content\" data-secret=\"FhRPQi53PW\"><p><a href=\"http:\/\/schlor.org\/index.php\/2018\/01\/21\/o1-moment-vertreterinnen-von-willy-fred-und-schlor-im-radiobeitrag\/\">\u00d61 \u2013 Moment \u201cVertreter*innen von Willy Fred und SchloR im Radiobeitrag<\/a><\/p><\/blockquote>\n<p>oder direkt unter:<\/p>\n<!--[if lt IE 9]><script>document.createElement('audio');<\/script><![endif]-->\n<audio class=\"wp-audio-shortcode\" id=\"audio-268-1\" preload=\"none\" style=\"width: 100%;\" controls=\"controls\"><source type=\"audio\/mpeg\" src=\"http:\/\/habitat.servus.at\/wp-content\/uploads\/Moment-Habitat.mp3?_=1\" \/><a href=\"http:\/\/habitat.servus.at\/wp-content\/uploads\/Moment-Habitat.mp3\">http:\/\/habitat.servus.at\/wp-content\/uploads\/Moment-Habitat.mp3<\/a><\/audio>\n<p>Mit freundlicher Genehmigung des ORf Rundfunkstudios: \u00d61 MOMENT vom 20.12.2017<\/p>\n<h1>Radio Dispositiv auf Orange 94.0 \/\/ 21.09.2015<\/h1>\n<p>Julia, Roland und Rafael zu Gast bei Herbert Gnauer erz\u00e4hlen vom habiTAT Vernetzungstreffen in Wien und den aktuellen Projekten &#8220;Willy*Fred&#8221;, &#8220;Dreierhof&#8221; und &#8220;schlor &#8211; sch\u00f6ner leben&#8221;<\/p>\n<audio class=\"wp-audio-shortcode\" id=\"audio-268-2\" preload=\"none\" style=\"width: 100%;\" controls=\"controls\"><source type=\"audio\/mpeg\" src=\"http:\/\/habitat.servus.at\/wp-content\/uploads\/150921lebenimhabitat.mp3?_=2\" \/><a href=\"http:\/\/habitat.servus.at\/wp-content\/uploads\/150921lebenimhabitat.mp3\">http:\/\/habitat.servus.at\/wp-content\/uploads\/150921lebenimhabitat.mp3<\/a><\/audio>\n<p>&nbsp;<\/p>\n<h1>FM4-Auf Laut \/\/ 07.04.2015<\/h1>\n<p>habit\u00e4ter*in Flo zugeschalten auf FM4 zum Thema Leerstand<\/p>\n<audio class=\"wp-audio-shortcode\" id=\"audio-268-3\" preload=\"none\" style=\"width: 100%;\" controls=\"controls\"><source type=\"audio\/mpeg\" src=\"http:\/\/habitat.servus.at\/wp-content\/uploads\/fm4_auf_laut_7.4.2015_-_ig_kultur_und_habitat.mp3?_=3\" \/><a href=\"http:\/\/habitat.servus.at\/wp-content\/uploads\/fm4_auf_laut_7.4.2015_-_ig_kultur_und_habitat.mp3\">http:\/\/habitat.servus.at\/wp-content\/uploads\/fm4_auf_laut_7.4.2015_-_ig_kultur_und_habitat.mp3<\/a><\/audio>\n<p>&nbsp;<\/p>\n<h1>Frozine \/\/ 10.03.2015<\/h1>\n<p>Die neuen habiTAT-Obmenschen&nbsp; Julia &amp; Flo nach der k\u00fcrzlich stattgefundenen Generalverammlung zu Gast im <a href=\"http:\/\/www.fro.at\/\" target=\"_blank\" rel=\"noopener\">Radio FRO<\/a><\/p>\n<audio class=\"wp-audio-shortcode\" id=\"audio-268-4\" preload=\"none\" style=\"width: 100%;\" controls=\"controls\"><source type=\"audio\/mpeg\" src=\"http:\/\/habitat.servus.at\/wp-content\/uploads\/2015.03.101800.101850.10frozine.mp3?_=4\" \/><a href=\"http:\/\/habitat.servus.at\/wp-content\/uploads\/2015.03.101800.101850.10frozine.mp3\">http:\/\/habitat.servus.at\/wp-content\/uploads\/2015.03.101800.101850.10frozine.mp3<\/a><\/audio>\n<p>auch unter&#8230; <a href=\"http:\/\/cba.fro.at\/282085\" target=\"_blank\" rel=\"noopener\">http:\/\/cba.fro.at\/282085<\/a><\/p>\n<p>&nbsp;<\/p>\n<h1>Radio Rhabarber \/\/ 05.12.2014<\/h1>\n<p>Die habiT\u00c4TER*INNEN und der Stadtklan zu Gast in Radio Rhabarber die Radiosendung des T\u00dcWI auf <a href=\"http:\/\/o94.at\/\" target=\"_blank\" rel=\"noopener\">RadioOrange<\/a> (Wien)<\/p>\n<audio class=\"wp-audio-shortcode\" id=\"audio-268-5\" preload=\"none\" style=\"width: 100%;\" controls=\"controls\"><source type=\"audio\/mpeg\" src=\"http:\/\/habitat.servus.at\/wp-content\/uploads\/20141205210000rhabarber_preview.mp3?_=5\" \/><a href=\"http:\/\/habitat.servus.at\/wp-content\/uploads\/20141205210000rhabarber_preview.mp3\">http:\/\/habitat.servus.at\/wp-content\/uploads\/20141205210000rhabarber_preview.mp3<\/a><\/audio>\n<p>auch unter&#8230; <a href=\"http:\/\/cba.fro.at\/275351\" target=\"_blank\" rel=\"noopener\">http:\/\/cba.fro.at\/275351<\/a><\/p>\n<p>&nbsp;<\/p>\n<h1>Kupf Radio \/\/ 30.09.2014<\/h1>\n<p>Die habiT\u00c4TER*INNEN Flo &amp; Daniel zu Gast bei Sigi auf <a href=\"http:\/\/www.fro.at\/\" target=\"_blank\" rel=\"noopener\">Radio FRO<\/a><\/p>\n<audio class=\"wp-audio-shortcode\" id=\"audio-268-6\" preload=\"none\" style=\"width: 100%;\" controls=\"controls\"><source type=\"audio\/mpeg\" src=\"http:\/\/habitat.servus.at\/wp-content\/uploads\/140930habitatse.mp3?_=6\" \/><a href=\"http:\/\/habitat.servus.at\/wp-content\/uploads\/140930habitatse.mp3\">http:\/\/habitat.servus.at\/wp-content\/uploads\/140930habitatse.mp3<\/a><\/audio>\n<p>auch unter&#8230; <a href=\"http:\/\/cba.fro.at\/269795\" target=\"_blank\" rel=\"noopener\">http:\/\/cba.fro.at\/269795<\/a><\/p>\n<p>&nbsp;<\/p>\n<h1>Frozine \/\/ 06.06.2014<\/h1>\n<p>Die habiT\u00c4TER*INNEN Rolle, Rasa &amp; Flo&nbsp; zum Auftakt des <em>&#8220;Vivir la Utopia&#8221;-<\/em> Projekt zu Gast im <a href=\"http:\/\/www.fro.at\/\" target=\"_blank\" rel=\"noopener\">Radio FRO<\/a><\/p>\n<audio class=\"wp-audio-shortcode\" id=\"audio-268-7\" preload=\"none\" style=\"width: 100%;\" controls=\"controls\"><source type=\"audio\/mpeg\" src=\"http:\/\/habitat.servus.at\/wp-content\/uploads\/2014.06.061800.101850.10frozine.mp3?_=7\" \/><a href=\"http:\/\/habitat.servus.at\/wp-content\/uploads\/2014.06.061800.101850.10frozine.mp3\">http:\/\/habitat.servus.at\/wp-content\/uploads\/2014.06.061800.101850.10frozine.mp3<\/a><\/audio>\n<p>auch unter&#8230; <a href=\"http:\/\/www.fro.at\/index.php?ordner_id=21\" target=\"_blank\" rel=\"noopener\">http:\/\/www.fro.at\/index.php?ordner_id=21<\/a><\/p>\n<p>&nbsp;<\/p>\n","protected":false},"excerpt":{"rendered":"<p>&#8220;Die Brennesseln aus Insbruck im H\u00f6rlabor Reloaded&#8221; Zu Gast im H\u00f6rlabor Reloaded sind Jil und Maria von den Brennesseln. Sie setzen sich mit in dem Gespr\u00e4ch mit Themen wie Leerstand, AirBnB und Mikrowohnungen auseinander und erz\u00e4hlen warum sie in Innsbruck das erste habiTAT-Wohnprojekt auf die Beine stellen wollen &#8211; in Anbetracht der Immobilienpreise in Innsbruck [&hellip;]<\/p>\n","protected":false},"author":1,"featured_media":0,"parent":0,"menu_order":0,"comment_status":"closed","ping_status":"closed","template":"","meta":{"ngg_post_thumbnail":0,"footnotes":""},"_links":{"self":[{"href":"https:\/\/habitat.servus.at\/index.php?rest_route=\/wp\/v2\/pages\/268"}],"collection":[{"href":"https:\/\/habitat.servus.at\/index.php?rest_route=\/wp\/v2\/pages"}],"about":[{"href":"https:\/\/habitat.servus.at\/index.php?rest_route=\/wp\/v2\/types\/page"}],"author":[{"embeddable":true,"href":"https:\/\/habitat.servus.at\/index.php?rest_route=\/wp\/v2\/users\/1"}],"replies":[{"embeddable":true,"href":"https:\/\/habitat.servus.at\/index.php?rest_route=%2Fwp%2Fv2%2Fcomments&post=268"}],"version-history":[{"count":23,"href":"https:\/\/habitat.servus.at\/index.php?rest_route=\/wp\/v2\/pages\/268\/revisions"}],"predecessor-version":[{"id":1513,"href":"https:\/\/habitat.servus.at\/index.php?rest_route=\/wp\/v2\/pages\/268\/revisions\/1513"}],"wp:attachment":[{"href":"https:\/\/habitat.servus.at\/index.php?rest_route=%2Fwp%2Fv2%2Fmedia&parent=268"}],"curies":[{"name":"wp","href":"https:\/\/api.w.org\/{rel}","templated":true}]}}