{"id":219,"date":"2014-04-11T09:22:29","date_gmt":"2014-04-11T09:22:29","guid":{"rendered":"http:\/\/habitat.servus.at\/?page_id=219"},"modified":"2024-06-18T08:43:21","modified_gmt":"2024-06-18T08:43:21","slug":"die-idee","status":"publish","type":"page","link":"https:\/\/habitat.servus.at\/?page_id=219","title":{"rendered":"Unser Modell"},"content":{"rendered":"<p>Als habiTAT haben wir Idee und Modell des <a href=\"http:\/\/www.syndikat.org\/de\/\" target=\"_blank\" rel=\"noopener\">Mietsh\u00e4user Syndikat<\/a> aus Deutschland in \u00d6sterreich \u00fcbernommen. Mehr dazu unter <a href=\"https:\/\/habitat.servus.at\/?page_id=14\">\u00dcber uns<\/a> und <a href=\"https:\/\/habitat.servus.at\/?page_id=110\">unserem Selbstverst\u00e4ndnis<\/a>.<\/p>\n<h2>Unsere Idee in einem kurzen Video<\/h2>\n<p><iframe loading=\"lazy\" title=\"habiTAT die Idee\" width=\"700\" height=\"525\" src=\"https:\/\/www.youtube.com\/embed\/pqGr8qUSM_4?feature=oembed\" frameborder=\"0\" allow=\"accelerometer; autoplay; clipboard-write; encrypted-media; gyroscope; picture-in-picture; web-share\" referrerpolicy=\"strict-origin-when-cross-origin\" allowfullscreen><\/iframe><\/p>\n<hr>\n<h2>Unsere Modell in Grafiken<\/h2>\n<p><a href=\"http:\/\/habitat.servus.at\/wp-content\/uploads\/habiTAT-Modell.png\"><img loading=\"lazy\" decoding=\"async\" class=\"aligncenter size-large wp-image-1887\" src=\"http:\/\/habitat.servus.at\/wp-content\/uploads\/habiTAT-Modell.png\" alt=\"\" width=\"700\" height=\"513\" srcset=\"https:\/\/habitat.servus.at\/wp-content\/uploads\/habiTAT-Modell.png 1500w, https:\/\/habitat.servus.at\/wp-content\/uploads\/habiTAT-Modell-300x220.png 300w, https:\/\/habitat.servus.at\/wp-content\/uploads\/habiTAT-Modell-150x110.png 150w, https:\/\/habitat.servus.at\/wp-content\/uploads\/habiTAT-Modell-768x563.png 768w, https:\/\/habitat.servus.at\/wp-content\/uploads\/habiTAT-Modell-1000x733.png 1000w\" sizes=\"(max-width: 700px) 100vw, 700px\" \/><\/a><\/p>\n<p><a href=\"http:\/\/habitat.servus.at\/wp-content\/uploads\/habiTAT-Normal.png\"><img loading=\"lazy\" decoding=\"async\" class=\"aligncenter size-full wp-image-1886\" src=\"http:\/\/habitat.servus.at\/wp-content\/uploads\/habiTAT-Normal.png\" alt=\"\" width=\"1500\" height=\"1100\" srcset=\"https:\/\/habitat.servus.at\/wp-content\/uploads\/habiTAT-Normal.png 1500w, https:\/\/habitat.servus.at\/wp-content\/uploads\/habiTAT-Normal-300x220.png 300w, https:\/\/habitat.servus.at\/wp-content\/uploads\/habiTAT-Normal-150x110.png 150w, https:\/\/habitat.servus.at\/wp-content\/uploads\/habiTAT-Normal-768x563.png 768w, https:\/\/habitat.servus.at\/wp-content\/uploads\/habiTAT-Normal-1000x733.png 1000w\" sizes=\"(max-width: 1500px) 100vw, 1500px\" \/><\/a> <a href=\"http:\/\/habitat.servus.at\/wp-content\/uploads\/habiTAT-Finanzierung.png\"><img loading=\"lazy\" decoding=\"async\" class=\"aligncenter size-large wp-image-1888\" src=\"http:\/\/habitat.servus.at\/wp-content\/uploads\/habiTAT-Finanzierung.png\" alt=\"\" width=\"700\" height=\"513\" srcset=\"https:\/\/habitat.servus.at\/wp-content\/uploads\/habiTAT-Finanzierung.png 1500w, https:\/\/habitat.servus.at\/wp-content\/uploads\/habiTAT-Finanzierung-300x220.png 300w, https:\/\/habitat.servus.at\/wp-content\/uploads\/habiTAT-Finanzierung-150x110.png 150w, https:\/\/habitat.servus.at\/wp-content\/uploads\/habiTAT-Finanzierung-768x563.png 768w, https:\/\/habitat.servus.at\/wp-content\/uploads\/habiTAT-Finanzierung-1000x733.png 1000w\" sizes=\"(max-width: 700px) 100vw, 700px\" \/><\/a> <a href=\"http:\/\/habitat.servus.at\/wp-content\/uploads\/habiTAT-Solidaritaet.png\"><img loading=\"lazy\" decoding=\"async\" class=\"aligncenter size-large wp-image-1889\" src=\"http:\/\/habitat.servus.at\/wp-content\/uploads\/habiTAT-Solidaritaet.png\" alt=\"\" width=\"700\" height=\"513\" srcset=\"https:\/\/habitat.servus.at\/wp-content\/uploads\/habiTAT-Solidaritaet.png 1500w, https:\/\/habitat.servus.at\/wp-content\/uploads\/habiTAT-Solidaritaet-300x220.png 300w, https:\/\/habitat.servus.at\/wp-content\/uploads\/habiTAT-Solidaritaet-150x110.png 150w, https:\/\/habitat.servus.at\/wp-content\/uploads\/habiTAT-Solidaritaet-768x563.png 768w, https:\/\/habitat.servus.at\/wp-content\/uploads\/habiTAT-Solidaritaet-1000x733.png 1000w\" sizes=\"(max-width: 700px) 100vw, 700px\" \/><\/a> <a href=\"http:\/\/habitat.servus.at\/wp-content\/uploads\/habiTAT-Organisation.png\"><img loading=\"lazy\" decoding=\"async\" class=\"aligncenter size-large wp-image-1890\" src=\"http:\/\/habitat.servus.at\/wp-content\/uploads\/habiTAT-Organisation.png\" alt=\"\" width=\"700\" height=\"513\" srcset=\"https:\/\/habitat.servus.at\/wp-content\/uploads\/habiTAT-Organisation.png 1500w, https:\/\/habitat.servus.at\/wp-content\/uploads\/habiTAT-Organisation-300x220.png 300w, https:\/\/habitat.servus.at\/wp-content\/uploads\/habiTAT-Organisation-150x110.png 150w, https:\/\/habitat.servus.at\/wp-content\/uploads\/habiTAT-Organisation-768x563.png 768w, https:\/\/habitat.servus.at\/wp-content\/uploads\/habiTAT-Organisation-1000x733.png 1000w\" sizes=\"(max-width: 700px) 100vw, 700px\" \/><\/a><\/p>\n","protected":false},"excerpt":{"rendered":"<p>Als habiTAT haben wir Idee und Modell des Mietsh\u00e4user Syndikat aus Deutschland in \u00d6sterreich \u00fcbernommen. Mehr dazu unter \u00dcber uns und unserem Selbstverst\u00e4ndnis. Unsere Idee in einem kurzen Video Unsere Modell in Grafiken<\/p>\n","protected":false},"author":1,"featured_media":0,"parent":0,"menu_order":0,"comment_status":"closed","ping_status":"closed","template":"","meta":{"ngg_post_thumbnail":0,"footnotes":""},"_links":{"self":[{"href":"https:\/\/habitat.servus.at\/index.php?rest_route=\/wp\/v2\/pages\/219"}],"collection":[{"href":"https:\/\/habitat.servus.at\/index.php?rest_route=\/wp\/v2\/pages"}],"about":[{"href":"https:\/\/habitat.servus.at\/index.php?rest_route=\/wp\/v2\/types\/page"}],"author":[{"embeddable":true,"href":"https:\/\/habitat.servus.at\/index.php?rest_route=\/wp\/v2\/users\/1"}],"replies":[{"embeddable":true,"href":"https:\/\/habitat.servus.at\/index.php?rest_route=%2Fwp%2Fv2%2Fcomments&post=219"}],"version-history":[{"count":13,"href":"https:\/\/habitat.servus.at\/index.php?rest_route=\/wp\/v2\/pages\/219\/revisions"}],"predecessor-version":[{"id":1891,"href":"https:\/\/habitat.servus.at\/index.php?rest_route=\/wp\/v2\/pages\/219\/revisions\/1891"}],"wp:attachment":[{"href":"https:\/\/habitat.servus.at\/index.php?rest_route=%2Fwp%2Fv2%2Fmedia&parent=219"}],"curies":[{"name":"wp","href":"https:\/\/api.w.org\/{rel}","templated":true}]}}