{"id":2016,"date":"2024-11-16T16:57:02","date_gmt":"2024-11-16T16:57:02","guid":{"rendered":"https:\/\/habitat.servus.at\/?page_id=2016"},"modified":"2024-11-16T17:07:52","modified_gmt":"2024-11-16T17:07:52","slug":"sowo-hausi-solidarisch-wohnen-und-leben","status":"publish","type":"page","link":"https:\/\/habitat.servus.at\/?page_id=2016","title":{"rendered":"SoWo Hausi &#8211; Solidarisch Wohnen und Leben"},"content":{"rendered":"\n<p>Hallo, wir sind &#8220;SoWo Hausi &#8211; Solidarisch Wohnen und Leben&#8221;, im Moment eine Kerngruppe von neun Personen. Neben dem Ziel, dem Spekulationsmarkt eine Immobilie zu entziehen, geht es uns darum f\u00fcr uns und andere selbstorganisiertes, leistbares und solidarisches Wohnen zu erm\u00f6glichen. Wir suchen daf\u00fcr in Wien ein Haus. Ob es eher Richtung gro\u00dfes Zinshaus mit mehren WGs oder doch eher Richtung gr\u00f6\u00dfere Haus-WG gehen soll, ist noch unklar.<\/p>\n\n\n\n<p>Wir haben im Fr\u00fchjahr 2023 die Gruppe und dann im Herbst einen Verein gegr\u00fcndet und uns schon sehr unterschiedliche Immobilien angeschaut.<br>In unserer Idealvorstellung h\u00e4tten wir gerne auch Platz und mindestens einen Raum, der f\u00fcr andere Vereine\/Kollektive als Veranstaltungs- oder Treffpunkt nutzbar ist. Wie sich das ausgestaltet, h\u00e4ngt realistischerweise aber auch stark von der Immobilie ab, die wir schlussendlich finden werden.<\/p>\n\n\n\n<p>Unser Fokus f\u00fcr Hausi ist klar auf Wohnen. Wir wollen einen Wohnraum schaffen, der m\u00f6glichst auch ein queerfeministischer Schutzraum ist, in dem unter anderem Sexismus und Rassismus definitiv keinen Platz haben sollen. Unser Anspruch ist au\u00dferdem, herrschende Machtstrukturen in der Gruppe und unserem Projekt m\u00f6glichst nicht zu reproduzieren, dabei handlungsf\u00e4hig zu bleiben und gemeinsam gut und solidarisch zu leben.<\/p>\n","protected":false},"excerpt":{"rendered":"<p>Hallo, wir sind &#8220;SoWo Hausi &#8211; Solidarisch Wohnen und Leben&#8221;, im Moment eine Kerngruppe von neun Personen. Neben dem Ziel, dem Spekulationsmarkt eine Immobilie zu entziehen, geht es uns darum f\u00fcr uns und andere selbstorganisiertes, leistbares und solidarisches Wohnen zu erm\u00f6glichen. Wir suchen daf\u00fcr in Wien ein Haus. Ob es eher Richtung gro\u00dfes Zinshaus mit [&hellip;]<\/p>\n","protected":false},"author":1,"featured_media":0,"parent":0,"menu_order":0,"comment_status":"closed","ping_status":"closed","template":"","meta":{"ngg_post_thumbnail":0,"footnotes":""},"_links":{"self":[{"href":"https:\/\/habitat.servus.at\/index.php?rest_route=\/wp\/v2\/pages\/2016"}],"collection":[{"href":"https:\/\/habitat.servus.at\/index.php?rest_route=\/wp\/v2\/pages"}],"about":[{"href":"https:\/\/habitat.servus.at\/index.php?rest_route=\/wp\/v2\/types\/page"}],"author":[{"embeddable":true,"href":"https:\/\/habitat.servus.at\/index.php?rest_route=\/wp\/v2\/users\/1"}],"replies":[{"embeddable":true,"href":"https:\/\/habitat.servus.at\/index.php?rest_route=%2Fwp%2Fv2%2Fcomments&post=2016"}],"version-history":[{"count":2,"href":"https:\/\/habitat.servus.at\/index.php?rest_route=\/wp\/v2\/pages\/2016\/revisions"}],"predecessor-version":[{"id":2020,"href":"https:\/\/habitat.servus.at\/index.php?rest_route=\/wp\/v2\/pages\/2016\/revisions\/2020"}],"wp:attachment":[{"href":"https:\/\/habitat.servus.at\/index.php?rest_route=%2Fwp%2Fv2%2Fmedia&parent=2016"}],"curies":[{"name":"wp","href":"https:\/\/api.w.org\/{rel}","templated":true}]}}