{"id":1930,"date":"2024-06-18T09:51:39","date_gmt":"2024-06-18T09:51:39","guid":{"rendered":"https:\/\/habitat.servus.at\/?page_id=1930"},"modified":"2024-10-01T17:48:14","modified_gmt":"2024-10-01T17:48:14","slug":"3er-hof","status":"publish","type":"page","link":"https:\/\/habitat.servus.at\/?page_id=1930","title":{"rendered":"3er Hof"},"content":{"rendered":"\n<h2 class=\"wp-block-heading\">Kontakt<\/h2>\n\n\n\n<p>Homepage: <a href=\"https:\/\/3er.h0f.at\/\">https:\/\/3er.h0f.at\/<\/a><\/p>\n\n\n\n<p>Kontakt: kontakt@h0f.at<\/p>\n\n\n\n<p>Wir leben auf einem Vierkanthof im Umland von Linz, wo so einiges passiert. Unter anderem werden ein paar Tiere gehalten, Gem\u00fcse angebaut, geimkert, gesammelt, eingekocht und Bier gebraut. Au\u00dferdem wird immer viel gewerkelt, repariert, gebaut, aber auch gern gemeinsam gegessen, gespielt und sinniert. Manche Projekte wollen gemeinschaftlich angegangen werden und andere wiederum von Einzelpersonen.<\/p>\n\n\n\n<p>Seit l\u00e4ngerem schon befinden wir uns in einer Bau- und Sanierungsphase, deren Ziel es ist, das Haus bequem bewohnbar zu machen. Viel wurde geschafft und wir freuen uns aktuell dar\u00fcber, dass die ersten Leute ins Haus ziehen k\u00f6nnen und wir Platz f\u00fcr neue Bewohner*innen haben.<\/p>\n\n\n\n<p>Der ebenfalls ans\u00e4ssige Kulturverein 3erH0f stellt Werkst\u00e4tten und Proberaum zur Verf\u00fcgung und fungiert als Gastgeberin diverser Kulturveranstaltungen als Schnittstelle nach au\u00dfen f\u00fcr Nachbarschaft und Freund*innen vom Hof.<br><\/p>\n","protected":false},"excerpt":{"rendered":"<p>Kontakt Homepage: https:\/\/3er.h0f.at\/ Kontakt: kontakt@h0f.at Wir leben auf einem Vierkanthof im Umland von Linz, wo so einiges passiert. Unter anderem werden ein paar Tiere gehalten, Gem\u00fcse angebaut, geimkert, gesammelt, eingekocht und Bier gebraut. Au\u00dferdem wird immer viel gewerkelt, repariert, gebaut, aber auch gern gemeinsam gegessen, gespielt und sinniert. Manche Projekte wollen gemeinschaftlich angegangen werden und [&hellip;]<\/p>\n","protected":false},"author":1,"featured_media":0,"parent":0,"menu_order":0,"comment_status":"closed","ping_status":"closed","template":"","meta":{"ngg_post_thumbnail":0,"footnotes":""},"_links":{"self":[{"href":"https:\/\/habitat.servus.at\/index.php?rest_route=\/wp\/v2\/pages\/1930"}],"collection":[{"href":"https:\/\/habitat.servus.at\/index.php?rest_route=\/wp\/v2\/pages"}],"about":[{"href":"https:\/\/habitat.servus.at\/index.php?rest_route=\/wp\/v2\/types\/page"}],"author":[{"embeddable":true,"href":"https:\/\/habitat.servus.at\/index.php?rest_route=\/wp\/v2\/users\/1"}],"replies":[{"embeddable":true,"href":"https:\/\/habitat.servus.at\/index.php?rest_route=%2Fwp%2Fv2%2Fcomments&post=1930"}],"version-history":[{"count":3,"href":"https:\/\/habitat.servus.at\/index.php?rest_route=\/wp\/v2\/pages\/1930\/revisions"}],"predecessor-version":[{"id":1992,"href":"https:\/\/habitat.servus.at\/index.php?rest_route=\/wp\/v2\/pages\/1930\/revisions\/1992"}],"wp:attachment":[{"href":"https:\/\/habitat.servus.at\/index.php?rest_route=%2Fwp%2Fv2%2Fmedia&parent=1930"}],"curies":[{"name":"wp","href":"https:\/\/api.w.org\/{rel}","templated":true}]}}