{"id":1809,"date":"2023-11-27T10:07:25","date_gmt":"2023-11-27T10:07:25","guid":{"rendered":"http:\/\/habitat.servus.at\/?page_id=1809"},"modified":"2025-01-15T11:55:45","modified_gmt":"2025-01-15T11:55:45","slug":"johanna-wagner-haus","status":"publish","type":"page","link":"https:\/\/habitat.servus.at\/?page_id=1809","title":{"rendered":"Johanna Wagner Haus"},"content":{"rendered":"<div class=\"wp-block-image\">\n<figure class=\"alignright size-large is-resized\"><img loading=\"lazy\" decoding=\"async\" width=\"2000\" height=\"2000\" src=\"https:\/\/habitat.servus.at\/wp-content\/uploads\/1-2000x2000.png\" alt=\"\" class=\"wp-image-2028\" style=\"width:276px;height:auto\" srcset=\"https:\/\/habitat.servus.at\/wp-content\/uploads\/1-2000x2000.png 2000w, https:\/\/habitat.servus.at\/wp-content\/uploads\/1-300x300.png 300w, https:\/\/habitat.servus.at\/wp-content\/uploads\/1-150x150.png 150w, https:\/\/habitat.servus.at\/wp-content\/uploads\/1-768x768.png 768w, https:\/\/habitat.servus.at\/wp-content\/uploads\/1-1536x1536.png 1536w, https:\/\/habitat.servus.at\/wp-content\/uploads\/1-2048x2048.png 2048w, https:\/\/habitat.servus.at\/wp-content\/uploads\/1-62x62.png 62w, https:\/\/habitat.servus.at\/wp-content\/uploads\/1-1000x1000.png 1000w\" sizes=\"(max-width: 2000px) 100vw, 2000px\" \/><\/figure><\/div>\n\n\n<p>weitere Infos findest du auf unserer Homepage <a href=\"https:\/\/johannawagnerhaus.noblogs.org\">https:\/\/johannawagnerhaus.noblogs.org<\/a><br><\/p>\n\n\n\n<h3 class=\"wp-block-heading\">Leistbarer Wohnraum ist knapp!<\/h3>\n\n\n\n<p>Wir wollen als Verein ein Haus in Mieders (Tirol) kaufen, um uns von steigenden Miet- und Immobilienpreisen in Innsbruck und Umgebung unabh\u00e4ngig zu machen.<\/p>\n\n\n\n<h3 class=\"wp-block-heading\">Individualismus f\u00f6rdert die Vereinzelung!<\/h3>\n\n\n\n<p>Wir wollen kollektives Wohnen erm\u00f6glichen und R\u00e4ume f\u00fcr Gemeinschaft sowie Solidarit\u00e4t schaffen.<\/p>\n\n\n\n<h3 class=\"wp-block-heading\">Lieber 1000 Freund*innen im R\u00fccken als eine Bank im Nacken!<\/h3>\n\n\n\n<p>Wir wollen das Haus ohne Bank kaufen. Daf\u00fcr brauchen wir deine Unterst\u00fctzung in Form eines Direktkredits. Bis Ende Mai 2025 brauchen wir 600.000\u20ac<\/p>\n\n\n\n<h3 class=\"wp-block-heading\">Wir haben Mut, Tatendrang und einen realistischen Plan!<\/h3>\n\n\n\n<p>Unser Dossier mit genaueren Informationen \u00fcber das Hausprojekt, wer wir sind und dem Finanzierungsplan findest du auf der Homepage <a href=\"https:\/\/johannawagnerhaus.noblogs.org\">https:\/\/johannawagnerhaus.noblogs.org<\/a><\/p>\n","protected":false},"excerpt":{"rendered":"<p>weitere Infos findest du auf unserer Homepage https:\/\/johannawagnerhaus.noblogs.org Leistbarer Wohnraum ist knapp! Wir wollen als Verein ein Haus in Mieders (Tirol) kaufen, um uns von steigenden Miet- und Immobilienpreisen in Innsbruck und Umgebung unabh\u00e4ngig zu machen. Individualismus f\u00f6rdert die Vereinzelung! Wir wollen kollektives Wohnen erm\u00f6glichen und R\u00e4ume f\u00fcr Gemeinschaft sowie Solidarit\u00e4t schaffen. Lieber 1000 Freund*innen [&hellip;]<\/p>\n","protected":false},"author":1,"featured_media":0,"parent":0,"menu_order":0,"comment_status":"closed","ping_status":"closed","template":"","meta":{"ngg_post_thumbnail":0,"footnotes":""},"_links":{"self":[{"href":"https:\/\/habitat.servus.at\/index.php?rest_route=\/wp\/v2\/pages\/1809"}],"collection":[{"href":"https:\/\/habitat.servus.at\/index.php?rest_route=\/wp\/v2\/pages"}],"about":[{"href":"https:\/\/habitat.servus.at\/index.php?rest_route=\/wp\/v2\/types\/page"}],"author":[{"embeddable":true,"href":"https:\/\/habitat.servus.at\/index.php?rest_route=\/wp\/v2\/users\/1"}],"replies":[{"embeddable":true,"href":"https:\/\/habitat.servus.at\/index.php?rest_route=%2Fwp%2Fv2%2Fcomments&post=1809"}],"version-history":[{"count":5,"href":"https:\/\/habitat.servus.at\/index.php?rest_route=\/wp\/v2\/pages\/1809\/revisions"}],"predecessor-version":[{"id":2031,"href":"https:\/\/habitat.servus.at\/index.php?rest_route=\/wp\/v2\/pages\/1809\/revisions\/2031"}],"wp:attachment":[{"href":"https:\/\/habitat.servus.at\/index.php?rest_route=%2Fwp%2Fv2%2Fmedia&parent=1809"}],"curies":[{"name":"wp","href":"https:\/\/api.w.org\/{rel}","templated":true}]}}