{"id":163,"date":"2014-03-29T18:05:31","date_gmt":"2014-03-29T18:05:31","guid":{"rendered":"http:\/\/habitat.servus.at\/?page_id=163"},"modified":"2025-02-09T17:22:16","modified_gmt":"2025-02-09T17:22:16","slug":"kontakt","status":"publish","type":"page","link":"https:\/\/habitat.servus.at\/?page_id=163","title":{"rendered":"Kontakt"},"content":{"rendered":"<p>habiTAT &#8211; Verein zur F\u00f6rderung selbstverwalteter und solidarischer Wohn- und Lebensformen<\/p>\n<p>ZVR-Zahl 600226278<\/p>\n<p>Adresse: Graben 3, 4020 LINZ<\/p>\n<p>Telefon: +43 732 287055<\/p>\n<p>Email: habitat@servus.at (<a href=\"http:\/\/habitat.servus.at\/wp-content\/uploads\/habitat_public_key.asc\">PGP key<\/a>)<\/p>\n<hr>\n<h2><strong>Newsletter<\/strong><\/h2>\n<p>Alle Veranstaltungen und Updates zum habiTAT bekommt ihr \u00fcber unseren Newsletter. Einfach <a href=\"https:\/\/lists.habitat.news.habidat.org\/subscription\/rkcTA__0-\" target=\"_blank\" rel=\"noopener\">hier eintragen<\/a>!<\/p>\n<hr>\n<h2><strong>Konto f\u00fcr <\/strong><strong>Mitglieds- &amp; Solibeitr\u00e4ge<\/strong><\/h2>\n<p>IBAN: AT86 5400 0000 0071 0707<\/p>\n<p>BIC: OBLAAT2L<\/p>\n","protected":false},"excerpt":{"rendered":"<p>habiTAT &#8211; Verein zur F\u00f6rderung selbstverwalteter und solidarischer Wohn- und Lebensformen ZVR-Zahl 600226278 Adresse: Graben 3, 4020 LINZ Telefon: +43 732 287055 Email: habitat@servus.at (PGP key) Newsletter Alle Veranstaltungen und Updates zum habiTAT bekommt ihr \u00fcber unseren Newsletter. Einfach hier eintragen! Konto f\u00fcr Mitglieds- &amp; Solibeitr\u00e4ge IBAN: AT86 5400 0000 0071 0707 BIC: OBLAAT2L<\/p>\n","protected":false},"author":1,"featured_media":0,"parent":0,"menu_order":0,"comment_status":"closed","ping_status":"closed","template":"","meta":{"ngg_post_thumbnail":0,"footnotes":""},"_links":{"self":[{"href":"https:\/\/habitat.servus.at\/index.php?rest_route=\/wp\/v2\/pages\/163"}],"collection":[{"href":"https:\/\/habitat.servus.at\/index.php?rest_route=\/wp\/v2\/pages"}],"about":[{"href":"https:\/\/habitat.servus.at\/index.php?rest_route=\/wp\/v2\/types\/page"}],"author":[{"embeddable":true,"href":"https:\/\/habitat.servus.at\/index.php?rest_route=\/wp\/v2\/users\/1"}],"replies":[{"embeddable":true,"href":"https:\/\/habitat.servus.at\/index.php?rest_route=%2Fwp%2Fv2%2Fcomments&post=163"}],"version-history":[{"count":43,"href":"https:\/\/habitat.servus.at\/index.php?rest_route=\/wp\/v2\/pages\/163\/revisions"}],"predecessor-version":[{"id":2043,"href":"https:\/\/habitat.servus.at\/index.php?rest_route=\/wp\/v2\/pages\/163\/revisions\/2043"}],"wp:attachment":[{"href":"https:\/\/habitat.servus.at\/index.php?rest_route=%2Fwp%2Fv2%2Fmedia&parent=163"}],"curies":[{"name":"wp","href":"https:\/\/api.w.org\/{rel}","templated":true}]}}