{"id":14,"date":"2014-03-27T09:57:58","date_gmt":"2014-03-27T09:57:58","guid":{"rendered":"http:\/\/habitat.servus.at\/?page_id=14"},"modified":"2024-06-18T08:53:47","modified_gmt":"2024-06-18T08:53:47","slug":"uber-uns","status":"publish","type":"page","link":"https:\/\/habitat.servus.at\/?page_id=14","title":{"rendered":"\u00dcber uns"},"content":{"rendered":"<p><a href=\"http:\/\/habitat.servus.at\/wp-content\/uploads\/habiTAT-Organisation.png\"><img loading=\"lazy\" decoding=\"async\" class=\"wp-image-1890 alignright\" src=\"http:\/\/habitat.servus.at\/wp-content\/uploads\/habiTAT-Organisation.png\" alt=\"\" width=\"360\" height=\"264\" srcset=\"https:\/\/habitat.servus.at\/wp-content\/uploads\/habiTAT-Organisation.png 1500w, https:\/\/habitat.servus.at\/wp-content\/uploads\/habiTAT-Organisation-300x220.png 300w, https:\/\/habitat.servus.at\/wp-content\/uploads\/habiTAT-Organisation-150x110.png 150w, https:\/\/habitat.servus.at\/wp-content\/uploads\/habiTAT-Organisation-768x563.png 768w, https:\/\/habitat.servus.at\/wp-content\/uploads\/habiTAT-Organisation-1000x733.png 1000w\" sizes=\"(max-width: 360px) 100vw, 360px\" \/><\/a>habiTAT ist ein Solidarzusammenschluss der sich zur Aufgabe macht, selbstorganisierte, finanziell niederschwellige und sozialgebundene Mietshaus-Projekte in \u00d6sterreich zu verwirklichen. Unser Verein will damit g\u00fcnstigen sowie gesunden Wohnraum und Lebensqualit\u00e4t f\u00fcr alle schaffen. Wir f\u00f6rdern damit die Verbindung von Wohn-, Kultur- und Lebensraum unter einem Dach. Das Hinterfragen gegebener Strukturen und das selbstverantwortliche &#8220;t\u00e4tig&#8221; werden, spiegelt unser Do-It-Yourself-Grundverst\u00e4ndnis wider. Damit stellen wir die Prinzipien von Konkurrenz und des unreflektierten Konsums in unserer Gesellschaft in Frage. Mehr zu unseren Prinzipien in <a href=\"https:\/\/habitat.servus.at\/?page_id=110\">unserem Selbstverst\u00e4ndnis<\/a>. Und wie wir funktionieren findet sich unter <a href=\"https:\/\/habitat.servus.at\/?page_id=219\">unser Modell<\/a>.<\/p>\n<p>Als rechtlich angemeldeter Verein &#8211; seit J\u00e4nner 2014 &#8211; arbeitet das habiTAT eng mit dem <a href=\"http:\/\/www.syndikat.org\/de\/\" target=\"_blank\" rel=\"noopener\">Mietsh\u00e4user Syndikat<\/a> in Deutschland zusammen. Wir haben so das in Deutschland entwickelte Sydikatsmodell auf die \u00f6sterreichische Rechtsordnung \u00fcbertragen. Mit den Projekt <a href=\"http:\/\/habitat.servus.at\/?page_id=756\" target=\"_blank\" rel=\"noopener\">Willy*Fred<\/a> in Linz gibt es seit 2015 das erste Haus nach diesem Modell in \u00d6sterreich. Mittlerweile sind weitere H\u00e4user dazugekommen und beweien so ganz praktisch, dass unser Modell funktioniert. Hier finden sich alle <a href=\"https:\/\/habitat.servus.at\/?page_id=686\">aktuellen habiTAT-Projekte<\/a>.<\/p>\n<hr>\n<h1>About us<\/h1>\n<p>&nbsp;<\/p>\n<p><a href=\"http:\/\/habitat.servus.at\/wp-content\/uploads\/habiTAT-Organisation.png\"><img loading=\"lazy\" decoding=\"async\" class=\" wp-image-1890 alignright\" src=\"http:\/\/habitat.servus.at\/wp-content\/uploads\/habiTAT-Organisation.png\" alt=\"\" width=\"360\" height=\"264\" srcset=\"https:\/\/habitat.servus.at\/wp-content\/uploads\/habiTAT-Organisation.png 1500w, https:\/\/habitat.servus.at\/wp-content\/uploads\/habiTAT-Organisation-300x220.png 300w, https:\/\/habitat.servus.at\/wp-content\/uploads\/habiTAT-Organisation-150x110.png 150w, https:\/\/habitat.servus.at\/wp-content\/uploads\/habiTAT-Organisation-768x563.png 768w, https:\/\/habitat.servus.at\/wp-content\/uploads\/habiTAT-Organisation-1000x733.png 1000w\" sizes=\"(max-width: 360px) 100vw, 360px\" \/><\/a>habiTAT is a solidarity association whose mission is to realize self-organized, financially low-threshold and socially linked apartment building projects in Austria. Our association wants to create affordable and healthy living space and quality of life for everyone. In this way, we promote the connection of residential, cultural and living space under one roof. Questioning given structures and taking action on our own responsibility reflects our basic understanding of do-it-yourself. In doing so, we question the principles of competition and unreflective consumption in our society. More about our principles in <a href=\"https:\/\/habitat.servus.at\/?page_id=110\">our mission statement<\/a>.<\/p>\n<p>As a legally registered association &#8211; since January 2014 &#8211; habiTAT works closely with the <a href=\"https:\/\/www.syndikat.org\/\" target=\"_blank\" rel=\"noopener\">Mietsh\u00e4user Syndikat<\/a> in Germany. We have thus transferred the syndicate model developed in Germany to the Austrian legal system. The <a href=\"https:\/\/www.willy-fred.org\/\" target=\"_blank\" rel=\"noopener\">Willy*Fred<\/a> project in Linz has been the first house based on this model in Austria since 2015. More houses have now been added, providing practical proof that our model works. All <a href=\"https:\/\/habitat.servus.at\/?page_id=686\">current habiTAT projects can be found here<\/a>. And how we work can be found under <a href=\"https:\/\/habitat.servus.at\/?page_id=219\">our model<\/a>.<\/p>\n","protected":false},"excerpt":{"rendered":"<p>habiTAT ist ein Solidarzusammenschluss der sich zur Aufgabe macht, selbstorganisierte, finanziell niederschwellige und sozialgebundene Mietshaus-Projekte in \u00d6sterreich zu verwirklichen. Unser Verein will damit g\u00fcnstigen sowie gesunden Wohnraum und Lebensqualit\u00e4t f\u00fcr alle schaffen. Wir f\u00f6rdern damit die Verbindung von Wohn-, Kultur- und Lebensraum unter einem Dach. Das Hinterfragen gegebener Strukturen und das selbstverantwortliche &#8220;t\u00e4tig&#8221; werden, spiegelt [&hellip;]<\/p>\n","protected":false},"author":1,"featured_media":0,"parent":0,"menu_order":0,"comment_status":"closed","ping_status":"closed","template":"","meta":{"ngg_post_thumbnail":0,"footnotes":""},"_links":{"self":[{"href":"https:\/\/habitat.servus.at\/index.php?rest_route=\/wp\/v2\/pages\/14"}],"collection":[{"href":"https:\/\/habitat.servus.at\/index.php?rest_route=\/wp\/v2\/pages"}],"about":[{"href":"https:\/\/habitat.servus.at\/index.php?rest_route=\/wp\/v2\/types\/page"}],"author":[{"embeddable":true,"href":"https:\/\/habitat.servus.at\/index.php?rest_route=\/wp\/v2\/users\/1"}],"replies":[{"embeddable":true,"href":"https:\/\/habitat.servus.at\/index.php?rest_route=%2Fwp%2Fv2%2Fcomments&post=14"}],"version-history":[{"count":20,"href":"https:\/\/habitat.servus.at\/index.php?rest_route=\/wp\/v2\/pages\/14\/revisions"}],"predecessor-version":[{"id":1903,"href":"https:\/\/habitat.servus.at\/index.php?rest_route=\/wp\/v2\/pages\/14\/revisions\/1903"}],"wp:attachment":[{"href":"https:\/\/habitat.servus.at\/index.php?rest_route=%2Fwp%2Fv2%2Fmedia&parent=14"}],"curies":[{"name":"wp","href":"https:\/\/api.w.org\/{rel}","templated":true}]}}