{"id":1360,"date":"2017-04-02T15:51:41","date_gmt":"2017-04-02T15:51:41","guid":{"rendered":"http:\/\/habitat.servus.at\/?page_id=1360"},"modified":"2024-11-08T16:24:39","modified_gmt":"2024-11-08T16:24:39","slug":"bikes-rails","status":"publish","type":"page","link":"https:\/\/habitat.servus.at\/?page_id=1360","title":{"rendered":"Bikes and Rails (Wien)"},"content":{"rendered":"<figure id=\"attachment_1997\" aria-describedby=\"caption-attachment-1997\" style=\"width: 1000px\" class=\"wp-caption aligncenter\"><a href=\"https:\/\/habitat.servus.at\/wp-content\/uploads\/BnR_Haus_cHannahMayr-35_WEBquer.jpg\"><img loading=\"lazy\" decoding=\"async\" class=\"wp-image-1997 size-full\" src=\"https:\/\/habitat.servus.at\/wp-content\/uploads\/BnR_Haus_cHannahMayr-35_WEBquer.jpg\" alt=\"Au\u00dfenansicht habiTAT-Hausprojekt Bikes and Rails, Wien-Favoriten\" width=\"1000\" height=\"866\" srcset=\"https:\/\/habitat.servus.at\/wp-content\/uploads\/BnR_Haus_cHannahMayr-35_WEBquer.jpg 1000w, https:\/\/habitat.servus.at\/wp-content\/uploads\/BnR_Haus_cHannahMayr-35_WEBquer-300x260.jpg 300w, https:\/\/habitat.servus.at\/wp-content\/uploads\/BnR_Haus_cHannahMayr-35_WEBquer-150x130.jpg 150w, https:\/\/habitat.servus.at\/wp-content\/uploads\/BnR_Haus_cHannahMayr-35_WEBquer-768x665.jpg 768w\" sizes=\"(max-width: 1000px) 100vw, 1000px\" \/><\/a><figcaption id=\"caption-attachment-1997\" class=\"wp-caption-text\">Foto: Hannah Mayer<\/figcaption><\/figure>\n<h2>Kontakt<\/h2>\n<p>Adresse: Emilie-Fl\u00f6ge-Weg 4, 1100 Wien<\/p>\n<p>Website: <a href=\"https:\/\/www.bikesandrails.org\/wp\/\">www.bikesandrails.org<\/a><\/p>\n<p>Email: <a href=\"mailto:kontakt@bikesandrails.org\">kontakt(at)bikesandrails.org<\/a><\/p>\n<h2>Hintergrund<\/h2>\n<p><strong>Bikes and Rails: \u00d6kologisch * Solidarisch * Unverk\u00e4uflich<\/strong><\/p>\n<p>Bikes and Rails ist ein Hausprojekt nahe dem Wiener Hauptbahnhof in einem Holz-Passivhaus-Neubau mit Photovoltaik am Dach. Wir lieben das Fahrrad als klimafreundliches, sozial gerechtes und urbanes Verkehrsmittel und wollen Teil einer radmobilen Zukunft ohne Auto sein \u2013 \u00bbBikes and Rails\u00ab eben. Nach 5 Jahren intensiver Planung und der Hilfe zahlreicher Direktkredit-Unterst\u00fctzer:innen haben wir das Haus freigekauft und die 18 Mietwohnungen auf f\u00fcnf Stockwerken mit 35 Erwachsenen und 13 Kindern im Mai 2020 bezogen. Seither entwickelt sich eine lebendige Hausgemeinschaft in Selbstverwaltung, gepr\u00e4gt von nachbarschaftlicher Hilfe und dem Teilen von Dingen, Wissen und R\u00e4umen. Gemeinsam genutzt werden die Lastenrad-Flotte Cargobande, der Gemeinschafts- und Veranstaltungsraum, die Dachterrasse mit Gem\u00fcsegarten, die G\u00e4stewohnung, die Holzwerkstatt und der Proberaum.<\/p>\n<p><strong>Mehr als Wohnen<\/strong><\/p>\n<p>F\u00fcr uns ist Wohnen ein Menschenrecht und keine Ware, und die Verf\u00fcgbarkeit von Raum zum Diskutieren, Planen und Zusammenkommen eine Grundbedingung f\u00fcr Demokratie. Bikes and Rails schafft Freiraum f\u00fcr alle Generationen an Mieter*innen und f\u00fcr kulturelle, soziale und politische Initiativen. Neben der G\u00e4stewohnung und dem Gemeinschaftsraum werden auch unsere Gewerbefl\u00e4chen kosteng\u00fcnstig vergeben. So entsteht Raum f\u00fcr gemeinwohlorientierte und gesellschaftlich sinnvolle Unternehmungen wie die Fahrradwerkstatt \u00bbRadbande\u00ab und der Nachbarschaftstreffpunkt \u00bbCafe Disco\u00ab im Erdgeschoss des Hauses.&nbsp;<\/p>\n<p><strong>Ausgezeichnetes Modellprojekt<\/strong><\/p>\n<p>Bikes and Rails ist ein \u00f6kologisch, \u00f6konomisch und sozial nachhaltiges Modellprojekt und eine in der Praxis erprobte wohnpolitische Alternative f\u00fcr die Stadt jenseits der Profitlogik. Unser zukunftsf\u00e4higes Konzept ist mit dem Nachhaltigkeitspreis NaWoAward des Klimab\u00fcndnis \u00d6sterreich, dem internationalen Active House Award, dem \u00f6sterreichischen Solarpreis und dem Wohnbaupreis der Stadt Wien ausgezeichnet worden. Es ist Good-Practice-Beispiel der Dauer-Ausstellungen im Architekturzentrum Wien und im Wien Museum, wird laufend universit\u00e4r beforscht und war Teil der Internationalen Bauausstellung IBA Wien.<\/p>\n<p><strong>Du willst mehr Informationen zu Bikes and Rails erhalten? Gerne!<\/strong><\/p>\n<p>* Abonniere unseren <a href=\"https:\/\/www.bikesandrails.org\/wp\/newsletter-abonnieren\/\">Newsletter<\/a><br \/>\n* Schau auf unsere <a href=\"https:\/\/www.bikesandrails.org\/\">Website<\/a><br \/>\n* Folge uns auf <a href=\"https:\/\/www.instagram.com\/bikes_n_rails\/\">Instagram @bikes_n_rails<\/a><br \/>\n* Schreib uns eine <a href=\"mailto:kontakt@bikesandrails.org\">E-Mail<\/a><\/p>\n<p><a href=\"https:\/\/habitat.servus.at\/wp-content\/uploads\/Bikes-and-Rails-neu.png\"><img loading=\"lazy\" decoding=\"async\" class=\"size-full wp-image-1431 alignleft\" src=\"https:\/\/habitat.servus.at\/wp-content\/uploads\/Bikes-and-Rails-neu.png\" alt=\"Logo Bikes and Rails\" width=\"242\" height=\"209\" srcset=\"https:\/\/habitat.servus.at\/wp-content\/uploads\/Bikes-and-Rails-neu.png 242w, https:\/\/habitat.servus.at\/wp-content\/uploads\/Bikes-and-Rails-neu-150x130.png 150w\" sizes=\"(max-width: 242px) 100vw, 242px\" \/><\/a><\/p>\n","protected":false},"excerpt":{"rendered":"<p>Kontakt Adresse: Emilie-Fl\u00f6ge-Weg 4, 1100 Wien Website: www.bikesandrails.org Email: kontakt(at)bikesandrails.org Hintergrund Bikes and Rails: \u00d6kologisch * Solidarisch * Unverk\u00e4uflich Bikes and Rails ist ein Hausprojekt nahe dem Wiener Hauptbahnhof in einem Holz-Passivhaus-Neubau mit Photovoltaik am Dach. Wir lieben das Fahrrad als klimafreundliches, sozial gerechtes und urbanes Verkehrsmittel und wollen Teil einer radmobilen Zukunft ohne Auto [&hellip;]<\/p>\n","protected":false},"author":1,"featured_media":0,"parent":0,"menu_order":0,"comment_status":"closed","ping_status":"closed","template":"","meta":{"ngg_post_thumbnail":0,"footnotes":""},"_links":{"self":[{"href":"https:\/\/habitat.servus.at\/index.php?rest_route=\/wp\/v2\/pages\/1360"}],"collection":[{"href":"https:\/\/habitat.servus.at\/index.php?rest_route=\/wp\/v2\/pages"}],"about":[{"href":"https:\/\/habitat.servus.at\/index.php?rest_route=\/wp\/v2\/types\/page"}],"author":[{"embeddable":true,"href":"https:\/\/habitat.servus.at\/index.php?rest_route=\/wp\/v2\/users\/1"}],"replies":[{"embeddable":true,"href":"https:\/\/habitat.servus.at\/index.php?rest_route=%2Fwp%2Fv2%2Fcomments&post=1360"}],"version-history":[{"count":22,"href":"https:\/\/habitat.servus.at\/index.php?rest_route=\/wp\/v2\/pages\/1360\/revisions"}],"predecessor-version":[{"id":2014,"href":"https:\/\/habitat.servus.at\/index.php?rest_route=\/wp\/v2\/pages\/1360\/revisions\/2014"}],"wp:attachment":[{"href":"https:\/\/habitat.servus.at\/index.php?rest_route=%2Fwp%2Fv2%2Fmedia&parent=1360"}],"curies":[{"name":"wp","href":"https:\/\/api.w.org\/{rel}","templated":true}]}}