{"id":1352,"date":"2017-03-16T16:52:07","date_gmt":"2017-03-16T16:52:07","guid":{"rendered":"http:\/\/habitat.servus.at\/?page_id=1352"},"modified":"2025-09-16T17:21:48","modified_gmt":"2025-09-16T17:21:48","slug":"autonome-wohfabrik","status":"publish","type":"page","link":"https:\/\/habitat.servus.at\/?page_id=1352","title":{"rendered":"autonome Wohnfabrik"},"content":{"rendered":"<h2><a href=\"http:\/\/habitat.servus.at\/wp-content\/uploads\/logowohnfabrik.png\"><img loading=\"lazy\" decoding=\"async\" class=\"aligncenter size-full wp-image-1350\" src=\"http:\/\/habitat.servus.at\/wp-content\/uploads\/logowohnfabrik.png\" alt=\"\" width=\"1659\" height=\"558\" srcset=\"https:\/\/habitat.servus.at\/wp-content\/uploads\/logowohnfabrik.png 1659w, https:\/\/habitat.servus.at\/wp-content\/uploads\/logowohnfabrik-150x50.png 150w, https:\/\/habitat.servus.at\/wp-content\/uploads\/logowohnfabrik-300x101.png 300w, https:\/\/habitat.servus.at\/wp-content\/uploads\/logowohnfabrik-768x258.png 768w, https:\/\/habitat.servus.at\/wp-content\/uploads\/logowohnfabrik-1000x336.png 1000w\" sizes=\"(max-width: 1659px) 100vw, 1659px\" \/><\/a>Kontakt<\/h2>\n<div class=\"cooked\">\n<p>Adresse: Poschingerstra\u00dfe 10, 5020 Salzburg<\/p>\n<p>Website: <a href=\"https:\/\/wohnfabrik.at\/\">https:\/\/wohnfabrik.at\/<\/a><\/p>\n<p>Mail: <a href=\"mailto:wohnfabrik@systemli.org\">wohnfabrik@systemli.org<\/a><\/p>\n<h2>Hintergrund<\/h2>\n<p>Die Wohnsituation in Salzburg und anderen gr\u00f6\u00dferen St\u00e4dten wird immer katastrophaler. Die Mietpreise steigen in astronomische H\u00f6hen, w\u00e4hrend zahlreiche H\u00e4user und Wohnungen jahrelang leer stehen und dem Spekulationsmarkt zum Opfer fallen. Deshalb haben wir, das Kollektiv der Autonomen Wohnfabrik, beschlossen ein Haus zu kaufen, selbstverwaltet und solidarisch darin zu wohnen und es f\u00fcr immer dem Markt zu entziehen.<\/p>\n<p>Nach langen Verhandlungen haben wir im Juli 2017 gen\u00fcgend Direktkredite gesammelt und den Kaufvertrag f\u00fcr unser Traumhaus unterschrieben. Das Haus in Bahnhofsn\u00e4he bietet neben Platz zum Wohnen eine gro\u00dfe Bar, einen sch\u00f6nen Garten und einen ger\u00e4umigen Keller f\u00fcr verschiedene Werkst\u00e4tten und unterschiedliche Projekte.<\/p>\n<p>Damit dieser Traum Wirklichkeit wird und bleibt, brauchen wir eure Unterst\u00fctzung: Erz\u00e4hlt euren Freund*innen vom Projekt, kommt zu unseren Veranstaltungen oder unterst\u00fctzt uns auch weiterhin finanziell in Form eines Direktkredites.<\/p>\n<p>Mit dem Kauf des Hauses in Salzburg ist die Autonome Wohnfabrik das zweite habiTAT-Wohnprojekt in \u00d6sterreich, das es geschafft hat realisiert zu werden!<\/p>\n<\/div>\n","protected":false},"excerpt":{"rendered":"<p>Kontakt Adresse: Poschingerstra\u00dfe 10, 5020 Salzburg Website: https:\/\/wohnfabrik.at\/ Mail: wohnfabrik@systemli.org Hintergrund Die Wohnsituation in Salzburg und anderen gr\u00f6\u00dferen St\u00e4dten wird immer katastrophaler. Die Mietpreise steigen in astronomische H\u00f6hen, w\u00e4hrend zahlreiche H\u00e4user und Wohnungen jahrelang leer stehen und dem Spekulationsmarkt zum Opfer fallen. Deshalb haben wir, das Kollektiv der Autonomen Wohnfabrik, beschlossen ein Haus zu kaufen, [&hellip;]<\/p>\n","protected":false},"author":1,"featured_media":0,"parent":0,"menu_order":1,"comment_status":"closed","ping_status":"closed","template":"","meta":{"ngg_post_thumbnail":0,"footnotes":""},"_links":{"self":[{"href":"https:\/\/habitat.servus.at\/index.php?rest_route=\/wp\/v2\/pages\/1352"}],"collection":[{"href":"https:\/\/habitat.servus.at\/index.php?rest_route=\/wp\/v2\/pages"}],"about":[{"href":"https:\/\/habitat.servus.at\/index.php?rest_route=\/wp\/v2\/types\/page"}],"author":[{"embeddable":true,"href":"https:\/\/habitat.servus.at\/index.php?rest_route=\/wp\/v2\/users\/1"}],"replies":[{"embeddable":true,"href":"https:\/\/habitat.servus.at\/index.php?rest_route=%2Fwp%2Fv2%2Fcomments&post=1352"}],"version-history":[{"count":9,"href":"https:\/\/habitat.servus.at\/index.php?rest_route=\/wp\/v2\/pages\/1352\/revisions"}],"predecessor-version":[{"id":2049,"href":"https:\/\/habitat.servus.at\/index.php?rest_route=\/wp\/v2\/pages\/1352\/revisions\/2049"}],"wp:attachment":[{"href":"https:\/\/habitat.servus.at\/index.php?rest_route=%2Fwp%2Fv2%2Fmedia&parent=1352"}],"curies":[{"name":"wp","href":"https:\/\/api.w.org\/{rel}","templated":true}]}}