{"id":1190,"date":"2015-12-04T17:09:51","date_gmt":"2015-12-04T17:09:51","guid":{"rendered":"http:\/\/habitat.servus.at\/?page_id=1190"},"modified":"2024-06-18T10:03:34","modified_gmt":"2024-06-18T10:03:34","slug":"schlor","status":"publish","type":"page","link":"https:\/\/habitat.servus.at\/?page_id=1190","title":{"rendered":"SCHLOR \u2013 Sch\u00f6ner Leben ohne Rendite"},"content":{"rendered":"<h2><a href=\"http:\/\/habitat.servus.at\/wp-content\/uploads\/schlorskizze.jpg\"><img loading=\"lazy\" decoding=\"async\" class=\"aligncenter size-full wp-image-1787\" src=\"http:\/\/habitat.servus.at\/wp-content\/uploads\/schlorskizze.jpg\" alt=\"\" width=\"1600\" height=\"1131\" srcset=\"https:\/\/habitat.servus.at\/wp-content\/uploads\/schlorskizze.jpg 1600w, https:\/\/habitat.servus.at\/wp-content\/uploads\/schlorskizze-300x212.jpg 300w, https:\/\/habitat.servus.at\/wp-content\/uploads\/schlorskizze-150x106.jpg 150w, https:\/\/habitat.servus.at\/wp-content\/uploads\/schlorskizze-768x543.jpg 768w, https:\/\/habitat.servus.at\/wp-content\/uploads\/schlorskizze-1536x1086.jpg 1536w, https:\/\/habitat.servus.at\/wp-content\/uploads\/schlorskizze-1000x707.jpg 1000w\" sizes=\"(max-width: 1600px) 100vw, 1600px\" \/><\/a><\/h2>\n<h2>Kontakt<\/h2>\n<p>Adresse: Rappachgasse 26, 1110 Wien<\/p>\n<p>Website: <a href=\"http:\/\/schlor.org\" target=\"_blank\" rel=\"noopener\">www.schlor.org<\/a><\/p>\n<p>Email: <a href=\"mailto:contact@schlor.org\">contact@schlor.org<\/a><\/p>\n<h2>Hintergrund<\/h2>\n<p>Als Alternativprojekt zur urbanen Vereinzelung in Wien, wollen wir gemeinsam wohnen und arbeiten ohne uns dabei als Gruppe von der Nachbar*innenschaft zu isolieren. Genauso wie uns jetzt der fehlende Kontakt zur Nachbar*innenschaft nervt, st\u00f6rt uns das Miete zahlen an anonyme Eigent\u00fcmer*innen. Mit dem Kauf der Rappachgasse im Juli 2019 haben wir es geschafft dem spekulativen Immobilienmarkt ein St\u00fcck Wohn- und Lebensraum zu entrei\u00dfen. Wir sehen uns als emanzipatorisches Vehikel, das weit \u00fcber unser Gr\u00e4tzl hinaus anregend auf die ganze Stadt wirken kann.<\/p>\n<p>Seit 2019 haben wir schon einies umgesetzt. Entstanden sind selbstverwaltete Werkst\u00e4tten, Ateliers, Prober\u00e4ume uvm. die f\u00fcr die Allgemeinheit, insbesondere f\u00fcr die Nachbar*innenschaft, zur Verf\u00fcgung stehen. Au\u00dferdem haben wir mit der Trainingshalle TRAP einen drinend notwendigen Ort f\u00fcr die zeitgen\u00f6ssischen Zirkusszene in Wien geschaffen. Im Sommer 2023 sind wir nun auch endlich in das neu gebaute Wohnhaus eingezogen und freuen uns das Gel\u00e4nde gemeinsam mit interessierten Menschen richtig zum Leben zu erwecken.&nbsp;<\/p>\n","protected":false},"excerpt":{"rendered":"<p>Kontakt Adresse: Rappachgasse 26, 1110 Wien Website: www.schlor.org Email: contact@schlor.org Hintergrund Als Alternativprojekt zur urbanen Vereinzelung in Wien, wollen wir gemeinsam wohnen und arbeiten ohne uns dabei als Gruppe von der Nachbar*innenschaft zu isolieren. Genauso wie uns jetzt der fehlende Kontakt zur Nachbar*innenschaft nervt, st\u00f6rt uns das Miete zahlen an anonyme Eigent\u00fcmer*innen. Mit dem Kauf [&hellip;]<\/p>\n","protected":false},"author":1,"featured_media":0,"parent":0,"menu_order":0,"comment_status":"closed","ping_status":"closed","template":"","meta":{"ngg_post_thumbnail":0,"footnotes":""},"_links":{"self":[{"href":"https:\/\/habitat.servus.at\/index.php?rest_route=\/wp\/v2\/pages\/1190"}],"collection":[{"href":"https:\/\/habitat.servus.at\/index.php?rest_route=\/wp\/v2\/pages"}],"about":[{"href":"https:\/\/habitat.servus.at\/index.php?rest_route=\/wp\/v2\/types\/page"}],"author":[{"embeddable":true,"href":"https:\/\/habitat.servus.at\/index.php?rest_route=\/wp\/v2\/users\/1"}],"replies":[{"embeddable":true,"href":"https:\/\/habitat.servus.at\/index.php?rest_route=%2Fwp%2Fv2%2Fcomments&post=1190"}],"version-history":[{"count":12,"href":"https:\/\/habitat.servus.at\/index.php?rest_route=\/wp\/v2\/pages\/1190\/revisions"}],"predecessor-version":[{"id":1946,"href":"https:\/\/habitat.servus.at\/index.php?rest_route=\/wp\/v2\/pages\/1190\/revisions\/1946"}],"wp:attachment":[{"href":"https:\/\/habitat.servus.at\/index.php?rest_route=%2Fwp%2Fv2%2Fmedia&parent=1190"}],"curies":[{"name":"wp","href":"https:\/\/api.w.org\/{rel}","templated":true}]}}